{"id":87,"date":"2019-07-17T18:19:55","date_gmt":"2019-07-17T16:19:55","guid":{"rendered":"http:\/\/e-mh.eu\/?page_id=87"},"modified":"2024-11-29T15:44:45","modified_gmt":"2024-11-29T14:44:45","slug":"o-nas","status":"publish","type":"page","link":"https:\/\/e-mh.eu\/index.php\/o-nas\/","title":{"rendered":"O nas"},"content":{"rendered":"\n<p class=\"has-text-align-center\">&#8222;Magazyn Hutniczy&#8221; to jedyne bran\u017cowe pismo nieprzerwanie ukazuj\u0105ce si\u0119 na rynku czytelniczym od ponad 50 lat. <\/p>\n\n\n\n<p class=\"has-text-align-center\">Historia tygodnika spo\u0142eczno-zawodowego \u201eMagazyn Hutniczy\u201d zacz\u0119\u0142a si\u0119 od okazjonalnej jednodni\u00f3wki w czerwcu 1972 roku. Jednak ju\u017c nast\u0119pne numery zacz\u0119\u0142y ukazywa\u0107 si\u0119 w cyklu dwutygodniowym. Zawiera\u0142y one materia\u0142y dziennikarskie, w tym reporta\u017ce z najwi\u0119kszych w\u00f3wczas inwestycji tj. budowy Huty Katowice i Walcowni Blach Grubych w Hucie Cz\u0119stochowa. Lektura najstarszych numer\u00f3w naszej gazety okazuje si\u0119 by\u0107 niezwykle interesuj\u0105ca, szczeg\u00f3lnie dla ludzi pami\u0119taj\u0105cych tamte czasy, kt\u00f3re zako\u0144czy\u0142y si\u0119 stanem wojennym i wstrzymaniem wydawania \u201eMH\u201d. Reaktywowanie tygodnika mia\u0142o miejsce 22 lutego 1983 roku, a jego zesp\u00f3\u0142 stanowili przede wszystkim byli dziennikarze \u201eG\u0142osu Huty Katowice\u201d. \u201eMagazyn Hutniczy\u201d z za\u0142o\u017cenia mia\u0142 by\u0107 pismem zwi\u0105zk\u00f3w zawodowych, cho\u0107 ich struktur jeszcze w\u00f3wczas nie by\u0142o. Po powo\u0142aniu do \u017cycia Federacji Hutniczych Zwi\u0105zk\u00f3w Zawodowych w Polsce nadal nie by\u0142o sprzyjaj\u0105cej atmosfery wok\u00f3\u0142 gazety. Trzeba by\u0142o pokona\u0107 barier\u0119 braku wiarygodno\u015bci i zaufania. W zespole znale\u017ali si\u0119 jednak cenieni \u015bl\u0105scy dziennikarze nie zweryfikowani przez \u00f3wczesne w\u0142adze. Co sta\u0142o si\u0119 atutem tygodnika umo\u017cliwiaj\u0105cym mu dotarcie do szerokiego grona czytelnik\u00f3w.  S\u0142u\u017cy\u0142y temu konkursy dziennikarskie z udzia\u0142em najwybitniejszych reporta\u017cyst\u00f3w z ca\u0142ego kraju. Tematycznie dotyczy\u0142y istotnych przemian \u015bwiadomo\u015bciowych tamtych czas\u00f3w. St\u0105d ich tytu\u0142y: \u201eNiepokorni\u201d i \u201eBez dystansu\u201d. Redakcja zorganizowa\u0142a te\u017c ciesz\u0105cy si\u0119 ogromn\u0105 popularno\u015bci\u0105 konkurs dla organizator\u00f3w letniego wypoczynku dzieci i m\u0142odzie\u017cy \u201eSpos\u00f3b na lato\u201d. W 1987 roku og\u0142oszony zosta\u0142 kolejny  konkurs \u2013 50 lat Centralnego Okr\u0119gu Przemys\u0142owego. W\u00f3wczas by\u0142 to jeszcze temat tabu. To by\u0142 wielki sukces, kt\u00f3rego wymierne efekty znalaz\u0142y si\u0119 w wydanym tomiku reporta\u017cy pt. \u201eDrugi bieg sztafety\u201d.  Przyszed\u0142 rok 1988 i sprawa legalizacji \u201eSolidarno\u015bci\u201d stawa\u0142a si\u0119 coraz bardziej realna. Redakcja nie podziela\u0142a pogl\u0105du: Jeden zwi\u0105zek w jednym zak\u0142adzie! Na \u0142amach \u201eMH\u201d ukazywa\u0142y si\u0119 artyku\u0142y dowodz\u0105ce nierealno\u015bci tej idei. Ludzie pracy chcieli pluralizmu, cho\u0107 te pogl\u0105dy nie by\u0142y powszechne w\u015br\u00f3d dzia\u0142aczy bran\u017cowych zwi\u0105zk\u00f3w zawodowych.  Rok 1989 redakcja zako\u0144czy\u0142a wa\u017ckim cyklem publicystycznym, w kt\u00f3rym zaprezentowa\u0142a szereg dokument\u00f3w o zbrodni stalinowskiego re\u017cimu na polskich oficerach i policjantach w Katyniu. Wkr\u00f3tce ruszy\u0142a lawina publikacji. Przeszed\u0142 czas przemian gospodarczych i bardzo trudny okres dla wydawnictw bran\u017cowych. Po wielu perypetiach w 1992 roku powo\u0142ana zosta\u0142a do \u017cycia Oficyna Wydawnicza \u201eFerraria\u201d, kt\u00f3ra przej\u0119\u0142a wydawanie tygodnika przekszta\u0142conego w gazet\u0119 o charakterze bran\u017cowym.  I tak od ponad 50 lat s\u0142u\u017cy ludziom pracy zajmuj\u0105c si\u0119 szeroko poj\u0119t\u0105 problematyk\u0105 hutnictwa \u017celaza i stali, odlewnictwa, przemys\u0142u metali nie\u017celaznych, koksownictwa, przemys\u0142u materia\u0142\u00f3w ogniotrwa\u0142ych oraz innych przemys\u0142\u00f3w z nim wsp\u00f3\u0142pracuj\u0105cych.  <\/p>\n\n\n\n<p><strong><em>Drodzy Czytelnicy<\/em><\/strong>!<\/p>\n\n\n\n<p class=\"has-text-align-center\"><em><strong>W dobie komputeryzacji \u017cycia i wszechobecnego Internetu uruchomili\u015bmy stron\u0119 www, a  tak\u017ce FB by jeszcze szybciej dociera\u0107 z aktualno\u015bciami. Szersza publicystyka nadal pozostaje cz\u0119\u015bci\u0105 \u0142am\u00f3w tradycyjnego wydania &#8222;Magazynu Hutniczego&#8221;, od 2020 roku ukazuj\u0105cego si\u0119 w cyklu dwutygodniowy<\/strong><\/em>.<\/p>\n\n\n\n<p class=\"has-text-align-center\"><em><strong>To dzi\u0119ki Wam \u2013 naszym Czytelnikom i Prenumeratorom,  prze\u017cyli\u015bmy wiele zawirowa\u0144 <\/strong><\/em><em><strong>i od  ponad 52 lat s\u0142u\u017cymy polskiemu hutnictwu. <\/strong><\/em><\/p>\n\n\n\n<p class=\"has-text-align-center\"><em><strong>Serdecznie za to dzi\u0119kujemy i zapraszamy do wsp\u00f3\u0142pracy.<\/strong><\/em><\/p>\n\n\n\n<p class=\"has-text-align-center\"> <strong>Przemys\u0142aw  Szwagierczak  <\/strong><\/p>\n\n\n\n<p class=\"has-text-align-center\"><strong>Redaktor Naczelny \u201eMH\u201d <\/strong><\/p>\n\n\n\n<figure class=\"wp-block-image\"><img loading=\"lazy\" decoding=\"async\" width=\"1024\" height=\"483\" src=\"http:\/\/e-mh.eu\/wp-content\/uploads\/2019\/07\/mh1-1024x483.jpg\" alt=\"\" class=\"wp-image-186\" srcset=\"https:\/\/e-mh.eu\/wp-content\/uploads\/2019\/07\/mh1-1024x483.jpg 1024w, https:\/\/e-mh.eu\/wp-content\/uploads\/2019\/07\/mh1-300x142.jpg 300w, https:\/\/e-mh.eu\/wp-content\/uploads\/2019\/07\/mh1-768x362.jpg 768w, https:\/\/e-mh.eu\/wp-content\/uploads\/2019\/07\/mh1-370x175.jpg 370w, https:\/\/e-mh.eu\/wp-content\/uploads\/2019\/07\/mh1-1040x491.jpg 1040w\" sizes=\"auto, (max-width: 1024px) 100vw, 1024px\" \/><\/figure>\n","protected":false},"excerpt":{"rendered":"<p>&#8222;Magazyn Hutniczy&#8221; to jedyne bran\u017cowe pismo nieprzerwanie ukazuj\u0105ce si\u0119 na rynku czytelniczym od ponad 50 lat. Historia tygodnika spo\u0142eczno-zawodowego \u201eMagazyn<\/p>\n","protected":false},"author":1,"featured_media":0,"parent":0,"menu_order":0,"comment_status":"closed","ping_status":"closed","template":"","meta":{"footnotes":""},"class_list":["post-87","page","type-page","status-publish","hentry"],"_links":{"self":[{"href":"https:\/\/e-mh.eu\/index.php\/wp-json\/wp\/v2\/pages\/87","targetHints":{"allow":["GET"]}}],"collection":[{"href":"https:\/\/e-mh.eu\/index.php\/wp-json\/wp\/v2\/pages"}],"about":[{"href":"https:\/\/e-mh.eu\/index.php\/wp-json\/wp\/v2\/types\/page"}],"author":[{"embeddable":true,"href":"https:\/\/e-mh.eu\/index.php\/wp-json\/wp\/v2\/users\/1"}],"replies":[{"embeddable":true,"href":"https:\/\/e-mh.eu\/index.php\/wp-json\/wp\/v2\/comments?post=87"}],"version-history":[{"count":18,"href":"https:\/\/e-mh.eu\/index.php\/wp-json\/wp\/v2\/pages\/87\/revisions"}],"predecessor-version":[{"id":5396,"href":"https:\/\/e-mh.eu\/index.php\/wp-json\/wp\/v2\/pages\/87\/revisions\/5396"}],"wp:attachment":[{"href":"https:\/\/e-mh.eu\/index.php\/wp-json\/wp\/v2\/media?parent=87"}],"curies":[{"name":"wp","href":"https:\/\/api.w.org\/{rel}","templated":true}]}}