{"id":3323,"date":"2022-08-01T12:14:08","date_gmt":"2022-08-01T10:14:08","guid":{"rendered":"https:\/\/e-mh.eu\/?page_id=3323"},"modified":"2025-10-28T12:50:50","modified_gmt":"2025-10-28T11:50:50","slug":"prenumerata-mh","status":"publish","type":"page","link":"https:\/\/e-mh.eu\/index.php\/prenumerata-mh\/","title":{"rendered":"PRENUMERATA &#8222;MH&#8221;"},"content":{"rendered":"\n<p class=\"has-text-align-center\"><strong><em>DLA OS\u00d3B PRYWATNYCH<\/em><\/strong><\/p>\n\n\n\n<p>Osoby prywatne zainteresowane zakupem pojedynczych numer\u00f3w &#8222;Magazynu Hutniczego&#8221; proszone s\u0105 o wys\u0142anie zapytania maila na adres: ferraria@wp.pl  w celu ustalenia sposobu p\u0142atno\u015bci i wysy\u0142ki egzemplarzy gazety.<\/p>\n\n\n\n<p class=\"has-text-align-center\"><strong><em>DLA PODMIOT\u00d3W PRAWNYCH<\/em><\/strong>   <\/p>\n\n\n\n<p class=\"has-text-align-center\">Prenumeraty &#8222;Magazynu Hutniczego&#8221; mo\u017ce Pa\u0144stwo dokona\u0107 poprzez wys\u0142anie zam\u00f3wienia na adres e-mail: ferraria@wp.pl z podaniem ilo\u015bci zamawianych egzemplarzy ka\u017cdego numeru oraz adresem do wysy\u0142ki. Uwaga przy zam\u00f3wieniu poni\u017cej 10 egz. doliczamy koszty wysy\u0142ki &#8211; znaczek Poczta Polska.<\/p>\n\n\n\n<p><strong><em>PONI\u017bEJ LINK DO POBRANIA DRUKU ZAM\u00d3WIENIA<\/em><\/strong><\/p>\n\n\n<a href=\"https:\/\/e-mh.eu\/wp-content\/uploads\/2025\/10\/zamowienie-prenumeraty-2026.pdf\" class=\"pdfemb-viewer\" style=\"\" data-width=\"max\" data-height=\"max\" data-toolbar=\"bottom\" data-toolbar-fixed=\"off\">zamowienie-prenumeraty-2026<\/a>\n\n\n<div data-wp-interactive=\"core\/file\" class=\"wp-block-file\"><object data-wp-bind--hidden=\"!state.hasPdfPreview\" hidden class=\"wp-block-file__embed\" data=\"http:\/\/e-mh.eu\/wp-content\/uploads\/2025\/10\/zamowienie-prenumeraty-2026.pdf\" type=\"application\/pdf\" style=\"width:100%;height:600px\" aria-label=\"Osadzone z zam\u00f3wienie prenumeraty 2026.\"><\/object><a id=\"wp-block-file--media-6c320938-bdf9-40e5-bc60-01718969857d\" href=\"http:\/\/e-mh.eu\/wp-content\/uploads\/2025\/10\/zamowienie-prenumeraty-2026.pdf\">zam\u00f3wienie prenumeraty 2026<\/a><a href=\"http:\/\/e-mh.eu\/wp-content\/uploads\/2025\/10\/zamowienie-prenumeraty-2026.pdf\" class=\"wp-block-file__button wp-element-button\" download aria-describedby=\"wp-block-file--media-6c320938-bdf9-40e5-bc60-01718969857d\">Pobierz<\/a><\/div>\n","protected":false},"excerpt":{"rendered":"<p>DLA OS\u00d3B PRYWATNYCH Osoby prywatne zainteresowane zakupem pojedynczych numer\u00f3w &#8222;Magazynu Hutniczego&#8221; proszone s\u0105 o wys\u0142anie zapytania maila na adres: ferraria@wp.pl<\/p>\n","protected":false},"author":1,"featured_media":0,"parent":0,"menu_order":0,"comment_status":"closed","ping_status":"closed","template":"","meta":{"footnotes":""},"class_list":["post-3323","page","type-page","status-publish","hentry"],"_links":{"self":[{"href":"https:\/\/e-mh.eu\/index.php\/wp-json\/wp\/v2\/pages\/3323","targetHints":{"allow":["GET"]}}],"collection":[{"href":"https:\/\/e-mh.eu\/index.php\/wp-json\/wp\/v2\/pages"}],"about":[{"href":"https:\/\/e-mh.eu\/index.php\/wp-json\/wp\/v2\/types\/page"}],"author":[{"embeddable":true,"href":"https:\/\/e-mh.eu\/index.php\/wp-json\/wp\/v2\/users\/1"}],"replies":[{"embeddable":true,"href":"https:\/\/e-mh.eu\/index.php\/wp-json\/wp\/v2\/comments?post=3323"}],"version-history":[{"count":33,"href":"https:\/\/e-mh.eu\/index.php\/wp-json\/wp\/v2\/pages\/3323\/revisions"}],"predecessor-version":[{"id":5653,"href":"https:\/\/e-mh.eu\/index.php\/wp-json\/wp\/v2\/pages\/3323\/revisions\/5653"}],"wp:attachment":[{"href":"https:\/\/e-mh.eu\/index.php\/wp-json\/wp\/v2\/media?parent=3323"}],"curies":[{"name":"wp","href":"https:\/\/api.w.org\/{rel}","templated":true}]}}